{"id":990103307,"date":"2023-02-03T09:16:34","date_gmt":"2023-02-03T08:16:34","guid":{"rendered":"https:\/\/www.hotelgabriel.at\/host\/"},"modified":"2023-02-05T09:19:51","modified_gmt":"2023-02-05T08:19:51","slug":"host","status":"publish","type":"page","link":"https:\/\/www.hotelgabriel.at\/en\/host\/","title":{"rendered":"Host"},"content":{"rendered":"<p>{&#8220;main-title&#8221;:{&#8220;component&#8221;:&#8221;hc_title&#8221;,&#8221;id&#8221;:&#8221;main-title&#8221;,&#8221;title&#8221;:&#8221;&#8221;,&#8221;subtitle&#8221;:&#8221;Family Gabriel&#8221;,&#8221;title_content&#8221;:{&#8220;component&#8221;:&#8221;hc_title_slider&#8221;,&#8221;id&#8221;:&#8221;title-slider&#8221;,&#8221;slides&#8221;:[{&#8220;component&#8221;:&#8221;hc_upload_img&#8221;,&#8221;id&#8221;:&#8221;ttSWl&#8221;,&#8221;link&#8221;:&#8221;https:\/\/www.hotelgabriel.at\/wp-content\/uploads\/2023\/02\/Familie-Gabriel_Gastgeber_Slider-1024&#215;400.jpg|750|1920|990103217&#8243;}],&#8221;full_screen&#8221;:false,&#8221;full_screen_height&#8221;:&#8221;&#8221;,&#8221;interval&#8221;:&#8221;&#8221;,&#8221;breadcrumbs&#8221;:true,&#8221;light&#8221;:true,&#8221;alignment&#8221;:&#8221;&#8221;}},&#8221;section_5ZtkF&#8221;:{&#8220;component&#8221;:&#8221;hc_section&#8221;,&#8221;id&#8221;:&#8221;section_5ZtkF&#8221;,&#8221;section_width&#8221;:&#8221;&#8221;,&#8221;animation&#8221;:&#8221;&#8221;,&#8221;animation_time&#8221;:&#8221;&#8221;,&#8221;timeline_animation&#8221;:&#8221;&#8221;,&#8221;timeline_delay&#8221;:&#8221;&#8221;,&#8221;timeline_order&#8221;:&#8221;&#8221;,&#8221;vertical_row&#8221;:&#8221;&#8221;,&#8221;css_classes&#8221;:&#8221;&#8221;,&#8221;custom_css_classes&#8221;:&#8221;&#8221;,&#8221;custom_css_styles&#8221;:&#8221;&#8221;,&#8221;section_content&#8221;:[{&#8220;component&#8221;:&#8221;hc_column&#8221;,&#8221;id&#8221;:&#8221;column_BZcF6&#8243;,&#8221;column_width&#8221;:&#8221;col-md-4&#8243;,&#8221;animation&#8221;:&#8221;&#8221;,&#8221;animation_time&#8221;:&#8221;&#8221;,&#8221;timeline_animation&#8221;:&#8221;&#8221;,&#8221;timeline_delay&#8221;:&#8221;&#8221;,&#8221;timeline_order&#8221;:&#8221;&#8221;,&#8221;css_classes&#8221;:&#8221;&#8221;,&#8221;custom_css_classes&#8221;:&#8221;&#8221;,&#8221;custom_css_styles&#8221;:&#8221;&#8221;,&#8221;main_content&#8221;:[{&#8220;component&#8221;:&#8221;hc_text_block&#8221;,&#8221;id&#8221;:&#8221;cmrOC&#8221;,&#8221;css_classes&#8221;:&#8221;&#8221;,&#8221;custom_css_classes&#8221;:&#8221;&#8221;,&#8221;custom_css_styles&#8221;:&#8221;&#8221;,&#8221;content&#8221;:&#8221;<strong>Hospitality &#8211; Pleasure &#8211; Experience<\/strong>\\n\\nWe, the <strong>Gabriel family<\/strong> and <strong>our staff<\/strong>, are very much looking forward to providing you with a carefree, stylish holiday in a family atmosphere.&#8221;}]},{&#8220;component&#8221;:&#8221;hc_column&#8221;,&#8221;id&#8221;:&#8221;column_HSROn&#8221;,&#8221;column_width&#8221;:&#8221;col-md-4&#8243;,&#8221;animation&#8221;:&#8221;&#8221;,&#8221;animation_time&#8221;:&#8221;&#8221;,&#8221;timeline_animation&#8221;:&#8221;&#8221;,&#8221;timeline_delay&#8221;:&#8221;&#8221;,&#8221;timeline_order&#8221;:&#8221;&#8221;,&#8221;css_classes&#8221;:&#8221;no-margin-md &#8220;,&#8221;custom_css_classes&#8221;:&#8221;&#8221;,&#8221;custom_css_styles&#8221;:&#8221;&#8221;,&#8221;main_content&#8221;:[{&#8220;component&#8221;:&#8221;hc_text_block&#8221;,&#8221;id&#8221;:&#8221;j8wEV&#8221;,&#8221;css_classes&#8221;:&#8221;&#8221;,&#8221;custom_css_classes&#8221;:&#8221;&#8221;,&#8221;custom_css_styles&#8221;:&#8221;&#8221;,&#8221;content&#8221;:&#8221;This is the motto for your holiday at the <strong>Hotel Gabriel<\/strong> on Lake Keutschach. Wir freuen uns bereits darauf, Sie bald bei uns begr\u00fc\u00dfen zu d\u00fcrfen! See you soon at <strong>Lake Keutschach<\/strong>!&#8221;}]},{&#8220;component&#8221;:&#8221;hc_column&#8221;,&#8221;id&#8221;:&#8221;column_x2zsJ&#8221;,&#8221;column_width&#8221;:&#8221;col-md-4&#8243;,&#8221;animation&#8221;:&#8221;&#8221;,&#8221;animation_time&#8221;:&#8221;&#8221;,&#8221;timeline_animation&#8221;:&#8221;&#8221;,&#8221;timeline_delay&#8221;:&#8221;&#8221;,&#8221;timeline_order&#8221;:&#8221;&#8221;,&#8221;css_classes&#8221;:&#8221;&#8221;,&#8221;custom_css_classes&#8221;:&#8221;&#8221;,&#8221;custom_css_styles&#8221;:&#8221;&#8221;,&#8221;main_content&#8221;:[{&#8220;component&#8221;:&#8221;hc_slider&#8221;,&#8221;id&#8221;:&#8221;pOwzV&#8221;,&#8221;css_classes&#8221;:&#8221;&#8221;,&#8221;custom_css_classes&#8221;:&#8221;&#8221;,&#8221;custom_css_styles&#8221;:&#8221;&#8221;,&#8221;content&#8221;:[{&#8220;component&#8221;:&#8221;hc_niche_content_box_testimonials&#8221;,&#8221;id&#8221;:&#8221;ovITX&#8221;,&#8221;css_classes&#8221;:&#8221;&#8221;,&#8221;custom_css_classes&#8221;:&#8221;&#8221;,&#8221;custom_css_styles&#8221;:&#8221;&#8221;,&#8221;image&#8221;:&#8221;https:\/\/www.hotelgabriel.at\/wp-content\/uploads\/2023\/01\/Familie_Slamanig_Hotel_Gabriel_Startseite.jpg|683|1024|990102055&#8243;,&#8221;title&#8221;:&#8221;Gabriel family&#8221;,&#8221;box_style&#8221;:&#8221;style_2&#8243;,&#8221;subtitle&#8221;:&#8221;Host&#8221;,&#8221;text&#8221;:&#8221;Hospitality &#8211; Pleasure &#8211; Experience&#8221;}],&#8221;trigger&#8221;:&#8221;&#8221;,&#8221;data_options&#8221;:&#8221;&#8221;}]}],&#8221;section_settings&#8221;:&#8221;&#8221;},&#8221;section_8kgpP&#8221;:{&#8220;component&#8221;:&#8221;hc_section&#8221;,&#8221;id&#8221;:&#8221;section_8kgpP&#8221;,&#8221;section_width&#8221;:&#8221;&#8221;,&#8221;animation&#8221;:&#8221;&#8221;,&#8221;animation_time&#8221;:&#8221;&#8221;,&#8221;timeline_animation&#8221;:&#8221;&#8221;,&#8221;timeline_delay&#8221;:&#8221;&#8221;,&#8221;timeline_order&#8221;:&#8221;&#8221;,&#8221;vertical_row&#8221;:&#8221;&#8221;,&#8221;css_classes&#8221;:&#8221;section-color &#8220;,&#8221;custom_css_classes&#8221;:&#8221;&#8221;,&#8221;custom_css_styles&#8221;:&#8221;&#8221;,&#8221;section_content&#8221;:[{&#8220;component&#8221;:&#8221;hc_column&#8221;,&#8221;id&#8221;:&#8221;column_bVCyr&#8221;,&#8221;column_width&#8221;:&#8221;col-md-3&#8243;,&#8221;animation&#8221;:&#8221;&#8221;,&#8221;animation_time&#8221;:&#8221;&#8221;,&#8221;timeline_animation&#8221;:&#8221;&#8221;,&#8221;timeline_delay&#8221;:&#8221;&#8221;,&#8221;timeline_order&#8221;:&#8221;&#8221;,&#8221;css_classes&#8221;:&#8221;&#8221;,&#8221;custom_css_classes&#8221;:&#8221;&#8221;,&#8221;custom_css_styles&#8221;:&#8221;&#8221;,&#8221;main_content&#8221;:[{&#8220;component&#8221;:&#8221;hc_subtitle&#8221;,&#8221;id&#8221;:&#8221;oj23T&#8221;,&#8221;css_classes&#8221;:&#8221;&#8221;,&#8221;custom_css_classes&#8221;:&#8221;&#8221;,&#8221;custom_css_styles&#8221;:&#8221;&#8221;,&#8221;title&#8221;:&#8221;ABOUT US&#8221;,&#8221;subtitle&#8221;:&#8221;Gabriel family&#8221;,&#8221;alignment&#8221;:&#8221;&#8221;},{&#8220;component&#8221;:&#8221;hc_space&#8221;,&#8221;id&#8221;:&#8221;g3eEp&#8221;,&#8221;css_classes&#8221;:&#8221;hidden-md &#8220;,&#8221;custom_css_classes&#8221;:&#8221;&#8221;,&#8221;custom_css_styles&#8221;:&#8221;&#8221;,&#8221;size&#8221;:&#8221;space-lg&#8221;,&#8221;height&#8221;:&#8221;&#8221;},{&#8220;component&#8221;:&#8221;hc_text_block&#8221;,&#8221;id&#8221;:&#8221;xvv3Y&#8221;,&#8221;css_classes&#8221;:&#8221;&#8221;,&#8221;custom_css_classes&#8221;:&#8221;&#8221;,&#8221;custom_css_styles&#8221;:&#8221;&#8221;,&#8221;content&#8221;:&#8221;Host out of passion&#8221;},{&#8220;component&#8221;:&#8221;hc_button&#8221;,&#8221;id&#8221;:&#8221;IhnFv&#8221;,&#8221;css_classes&#8221;:&#8221;&#8221;,&#8221;custom_css_classes&#8221;:&#8221;&#8221;,&#8221;custom_css_styles&#8221;:&#8221;&#8221;,&#8221;icon&#8221;:&#8221;&#8221;,&#8221;style&#8221;:&#8221;link&#8221;,&#8221;size&#8221;:&#8221;btn-lg&#8221;,&#8221;position&#8221;:&#8221;left&#8221;,&#8221;inner_animation&#8221;:false,&#8221;text&#8221;:&#8221;Contact&#8221;,&#8221;link_type&#8221;:&#8221;classic&#8221;,&#8221;lightbox_animation&#8221;:&#8221;&#8221;,&#8221;caption&#8221;:&#8221;&#8221;,&#8221;inner_caption&#8221;:false,&#8221;new_window&#8221;:false,&#8221;link&#8221;:&#8221;\/en\/contact\/&#8221;,&#8221;link_content&#8221;:[],&#8221;lightbox_size&#8221;:&#8221;&#8221;,&#8221;scrollbox&#8221;:false}]},{&#8220;component&#8221;:&#8221;hc_column&#8221;,&#8221;id&#8221;:&#8221;column_U8Jpy&#8221;,&#8221;column_width&#8221;:&#8221;col-md-9&#8243;,&#8221;animation&#8221;:&#8221;&#8221;,&#8221;animation_time&#8221;:&#8221;&#8221;,&#8221;timeline_animation&#8221;:&#8221;&#8221;,&#8221;timeline_delay&#8221;:&#8221;&#8221;,&#8221;timeline_order&#8221;:&#8221;&#8221;,&#8221;css_classes&#8221;:&#8221;&#8221;,&#8221;custom_css_classes&#8221;:&#8221;&#8221;,&#8221;custom_css_styles&#8221;:&#8221;&#8221;,&#8221;main_content&#8221;:[{&#8220;component&#8221;:&#8221;hc_slider&#8221;,&#8221;id&#8221;:&#8221;e3CWt&#8221;,&#8221;css_classes&#8221;:&#8221;&#8221;,&#8221;custom_css_classes&#8221;:&#8221;arrows-left&#8221;,&#8221;custom_css_styles&#8221;:&#8221;&#8221;,&#8221;content&#8221;:[{&#8220;component&#8221;:&#8221;hc_content_box&#8221;,&#8221;id&#8221;:&#8221;K5fv3&#8243;,&#8221;css_classes&#8221;:&#8221;&#8221;,&#8221;custom_css_classes&#8221;:&#8221;&#8221;,&#8221;custom_css_styles&#8221;:&#8221;&#8221;,&#8221;image&#8221;:&#8221;https:\/\/www.hotelgabriel.at\/wp-content\/uploads\/2023\/02\/Birgit_Gastgeber.jpg|350|800|990103224&#8243;,&#8221;title&#8221;:&#8221;<strong>Birgit<\/strong> \u201eThe empathetic boss\u201c &#8220;,&#8221;icon&#8221;:&#8221;&#8221;,&#8221;icon_style&#8221;:&#8221;&#8221;,&#8221;icon_image&#8221;:&#8221;&#8221;,&#8221;box_style&#8221;:&#8221;top_icon_image&#8221;,&#8221;boxed&#8221;:true,&#8221;alignment&#8221;:&#8221;align-left&#8221;,&#8221;title_size&#8221;:&#8221;&#8221;,&#8221;text_size&#8221;:&#8221;&#8221;,&#8221;extra_content&#8221;:&#8221;&#8221;,&#8221;alt&#8221;:&#8221;&#8221;,&#8221;button_text&#8221;:&#8221;&#8221;,&#8221;button_style&#8221;:&#8221;link&#8221;,&#8221;button_dimensions&#8221;:&#8221;btn-lg&#8221;,&#8221;button_animation&#8221;:false,&#8221;button_icon&#8221;:&#8221;&#8221;,&#8221;text&#8221;:&#8221;After gaining experience in various hotels, Birgit took over the family business from her father Florian in 2010. \\nTaking over the business was of course challenging but doable thanks to the support of the two men at her side. \\nAs the saying goes, she is the good spirit of the house, who lovingly takes care of the guests&#8217; wishes and is the contact person for all concerns. \\nAnother task she fulfils with all her heart and a lot of commitment is &#8211; being a mother! \\nAccording to the motto \\&#8221;Only the best for our dear guests\\&#8221;, Birgit manages the family business in the third generation. Birgit is already looking forward to the nice conversations \\nwith you, for which she is always happy to take time! &#8220;,&#8221;link_type&#8221;:&#8221;classic&#8221;,&#8221;lightbox_animation&#8221;:&#8221;&#8221;,&#8221;caption&#8221;:&#8221;&#8221;,&#8221;inner_caption&#8221;:false,&#8221;new_window&#8221;:false,&#8221;link&#8221;:&#8221;#&#8221;,&#8221;link_content&#8221;:[],&#8221;lightbox_size&#8221;:&#8221;&#8221;,&#8221;scrollbox&#8221;:false},{&#8220;component&#8221;:&#8221;hc_content_box&#8221;,&#8221;id&#8221;:&#8221;LBYU6&#8243;,&#8221;css_classes&#8221;:&#8221;&#8221;,&#8221;custom_css_classes&#8221;:&#8221;&#8221;,&#8221;custom_css_styles&#8221;:&#8221;&#8221;,&#8221;image&#8221;:&#8221;https:\/\/www.hotelgabriel.at\/wp-content\/uploads\/2023\/02\/Mario_Gastgeber.jpg|350|800|990103228&#8243;,&#8221;title&#8221;:&#8221;<strong>Mario<\/strong> \u201eThe lateral entrant\u201c &#8220;,&#8221;icon&#8221;:&#8221;&#8221;,&#8221;icon_style&#8221;:&#8221;&#8221;,&#8221;icon_image&#8221;:&#8221;&#8221;,&#8221;box_style&#8221;:&#8221;top_icon_image&#8221;,&#8221;boxed&#8221;:true,&#8221;alignment&#8221;:&#8221;align-left&#8221;,&#8221;title_size&#8221;:&#8221;&#8221;,&#8221;text_size&#8221;:&#8221;&#8221;,&#8221;extra_content&#8221;:&#8221;&#8221;,&#8221;alt&#8221;:&#8221;&#8221;,&#8221;button_text&#8221;:&#8221;&#8221;,&#8221;button_style&#8221;:&#8221;link&#8221;,&#8221;button_dimensions&#8221;:&#8221;btn-lg&#8221;,&#8221;button_animation&#8221;:false,&#8221;button_icon&#8221;:&#8221;&#8221;,&#8221;text&#8221;:&#8221;After 17 years at Philips, Mario decided to turn his back on logistics. He started at the Hotel Gabriel at the end of 2017 and and has been actively supporting his wife Birgit ever since. Thanks to his technical background and his experience with computers, he took over the \\nhe took over the supervision of the online activities right at the beginning and organises the complete application of the hotel. No matter if repairs in the hotel, whether it&#8217;s repairs in the hotel, outdoor work or reception service &#8211; you&#8217;re sure to see Mario in action somewhere or other during your stay. \\n&#8221;,&#8221;link_type&#8221;:&#8221;classic&#8221;,&#8221;lightbox_animation&#8221;:&#8221;&#8221;,&#8221;caption&#8221;:&#8221;&#8221;,&#8221;inner_caption&#8221;:false,&#8221;new_window&#8221;:false,&#8221;link&#8221;:&#8221;#&#8221;,&#8221;link_content&#8221;:[],&#8221;lightbox_size&#8221;:&#8221;&#8221;,&#8221;scrollbox&#8221;:false},{&#8220;component&#8221;:&#8221;hc_content_box&#8221;,&#8221;id&#8221;:&#8221;CAud4&#8243;,&#8221;css_classes&#8221;:&#8221;&#8221;,&#8221;custom_css_classes&#8221;:&#8221;&#8221;,&#8221;custom_css_styles&#8221;:&#8221;&#8221;,&#8221;image&#8221;:&#8221;https:\/\/www.hotelgabriel.at\/wp-content\/uploads\/2023\/02\/Florian_Gastgeber.jpg|350|800|990103226&#8243;,&#8221;title&#8221;:&#8221;<strong>Florian<\/strong> \u201eThe man who can do a lot\u201c &#8220;,&#8221;icon&#8221;:&#8221;&#8221;,&#8221;icon_style&#8221;:&#8221;&#8221;,&#8221;icon_image&#8221;:&#8221;&#8221;,&#8221;box_style&#8221;:&#8221;top_icon_image&#8221;,&#8221;boxed&#8221;:true,&#8221;alignment&#8221;:&#8221;align-left&#8221;,&#8221;title_size&#8221;:&#8221;&#8221;,&#8221;text_size&#8221;:&#8221;&#8221;,&#8221;extra_content&#8221;:&#8221;&#8221;,&#8221;alt&#8221;:&#8221;&#8221;,&#8221;button_text&#8221;:&#8221;&#8221;,&#8221;button_style&#8221;:&#8221;link&#8221;,&#8221;button_dimensions&#8221;:&#8221;btn-lg&#8221;,&#8221;button_animation&#8221;:false,&#8221;button_icon&#8221;:&#8221;&#8221;,&#8221;text&#8221;:&#8221;He is one of the pioneers in Keutschach tourism. In his long career, Florian has managed the hotel with its a la carte restaurant as well as 3 other businesses at times. Even after the handover of the business to his daughter Birgit in 2010, Florian has always been very valuable to the in the hotel and actively supports the young ones. When there is no renovation work going on in the hotel, Florian pursues his greatest passion &#8211; forestry work. Together with his son-in-law Mario, the damaged wood is regularly fetched from the forest and prepared for his own use. \\nfor his own use. Even in his retirement, Florian is present at the hotel every day because \\&#8221;work keeps you young!&#8221;,&#8221;link_type&#8221;:&#8221;classic&#8221;,&#8221;lightbox_animation&#8221;:&#8221;&#8221;,&#8221;caption&#8221;:&#8221;&#8221;,&#8221;inner_caption&#8221;:false,&#8221;new_window&#8221;:false,&#8221;link&#8221;:&#8221;#&#8221;,&#8221;link_content&#8221;:[],&#8221;lightbox_size&#8221;:&#8221;&#8221;,&#8221;scrollbox&#8221;:false}],&#8221;trigger&#8221;:&#8221;&#8221;,&#8221;data_options&#8221;:&#8221;type:carousel,perView:1,perViewLg:1,perViewMd:1,perViewSm:1,perViewXs:1,gap:30,arrows:true,nav:true,controls:true&#8221;}]}],&#8221;section_settings&#8221;:&#8221;&#8221;},&#8221;section_BECLq&#8221;:{&#8220;component&#8221;:&#8221;hc_section&#8221;,&#8221;id&#8221;:&#8221;section_BECLq&#8221;,&#8221;section_width&#8221;:&#8221;&#8221;,&#8221;animation&#8221;:&#8221;&#8221;,&#8221;animation_time&#8221;:&#8221;&#8221;,&#8221;timeline_animation&#8221;:&#8221;&#8221;,&#8221;timeline_delay&#8221;:&#8221;&#8221;,&#8221;timeline_order&#8221;:&#8221;&#8221;,&#8221;vertical_row&#8221;:&#8221;&#8221;,&#8221;css_classes&#8221;:&#8221;&#8221;,&#8221;custom_css_classes&#8221;:&#8221;hidden&#8221;,&#8221;custom_css_styles&#8221;:&#8221;&#8221;,&#8221;section_content&#8221;:[{&#8220;component&#8221;:&#8221;hc_column&#8221;,&#8221;id&#8221;:&#8221;column_S7SRN&#8221;,&#8221;column_width&#8221;:&#8221;col-md-12&#8243;,&#8221;animation&#8221;:&#8221;&#8221;,&#8221;animation_time&#8221;:&#8221;&#8221;,&#8221;timeline_animation&#8221;:&#8221;&#8221;,&#8221;timeline_delay&#8221;:&#8221;&#8221;,&#8221;timeline_order&#8221;:&#8221;&#8221;,&#8221;css_classes&#8221;:&#8221;&#8221;,&#8221;custom_css_classes&#8221;:&#8221;&#8221;,&#8221;custom_css_styles&#8221;:&#8221;&#8221;,&#8221;main_content&#8221;:[{&#8220;component&#8221;:&#8221;hc_slider&#8221;,&#8221;id&#8221;:&#8221;CEPoF&#8221;,&#8221;css_classes&#8221;:&#8221;&#8221;,&#8221;custom_css_classes&#8221;:&#8221;&#8221;,&#8221;custom_css_styles&#8221;:&#8221;&#8221;,&#8221;content&#8221;:[{&#8220;component&#8221;:&#8221;hc_timeline&#8221;,&#8221;id&#8221;:&#8221;eEtWa&#8221;,&#8221;css_classes&#8221;:&#8221;&#8221;,&#8221;custom_css_classes&#8221;:&#8221;&#8221;,&#8221;custom_css_styles&#8221;:&#8221;&#8221;,&#8221;rows&#8221;:[{&#8220;component&#8221;:&#8221;repeater_item&#8221;,&#8221;id&#8221;:&#8221;2SEVQ&#8221;,&#8221;title&#8221;:&#8221;Hoteler\u00f6ffnung&#8221;,&#8221;content&#8221;:&#8221;Lorem ipsum dolor sit amet consectetur adipiscing elitsed do eiusmod tempore.&#8221;,&#8221;position&#8221;:&#8221;right&#8221;,&#8221;date&#8221;:&#8221;1985&#8243;,&#8221;date_subtitle&#8221;:&#8221;Gr\u00fcndung&#8221;}]},{&#8220;component&#8221;:&#8221;hc_timeline&#8221;,&#8221;id&#8221;:&#8221;8WPd8&#8243;,&#8221;css_classes&#8221;:&#8221;&#8221;,&#8221;custom_css_classes&#8221;:&#8221;&#8221;,&#8221;custom_css_styles&#8221;:&#8221;&#8221;,&#8221;rows&#8221;:[{&#8220;component&#8221;:&#8221;repeater_item&#8221;,&#8221;id&#8221;:&#8221;7r1jn&#8221;,&#8221;title&#8221;:&#8221;Umbau&#8221;,&#8221;content&#8221;:&#8221;Lorem ipsum dolor sit amet consectetur adipiscing elitsed do eiusmod tempore.&#8221;,&#8221;position&#8221;:&#8221;right&#8221;,&#8221;date&#8221;:&#8221;1995&#8243;,&#8221;date_subtitle&#8221;:&#8221;Umbau&#8221;}]},{&#8220;component&#8221;:&#8221;hc_timeline&#8221;,&#8221;id&#8221;:&#8221;HobBW&#8221;,&#8221;css_classes&#8221;:&#8221;&#8221;,&#8221;custom_css_classes&#8221;:&#8221;&#8221;,&#8221;custom_css_styles&#8221;:&#8221;&#8221;,&#8221;rows&#8221;:[{&#8220;component&#8221;:&#8221;repeater_item&#8221;,&#8221;id&#8221;:&#8221;dhR3B&#8221;,&#8221;title&#8221;:&#8221;New Generation&#8221;,&#8221;content&#8221;:&#8221;Lorem ipsum dolor sit amet consectetur adipiscing elitsed do eiusmod tempore.&#8221;,&#8221;position&#8221;:&#8221;right&#8221;,&#8221;date&#8221;:&#8221;2005&#8243;,&#8221;date_subtitle&#8221;:&#8221;\u00dcbernahme&#8221;}]}],&#8221;trigger&#8221;:&#8221;&#8221;,&#8221;data_options&#8221;:&#8221;perView:2,perViewSm:1,gap:40,nav:true,controls:true&#8221;}]}],&#8221;section_settings&#8221;:&#8221;&#8221;},&#8221;scripts&#8221;:{&#8220;glide&#8221;:&#8221;glide.min.js&#8221;,&#8221;lightbox&#8221;:&#8221;magnific-popup.min.js&#8221;,&#8221;components&#8221;:&#8221;tab-accordion.js&#8221;},&#8221;css&#8221;:{&#8220;glide&#8221;:&#8221;css\/glide.css&#8221;,&#8221;content_box&#8221;:&#8221;css\/content-box.css&#8221;,&#8221;lightbox&#8221;:&#8221;css\/magnific-popup.css&#8221;},&#8221;css_page&#8221;:&#8221;&#8221;,&#8221;template_setting&#8221;:{},&#8221;template_setting_top&#8221;:{},&#8221;page_setting&#8221;:{&#8220;settings&#8221;:[&#8220;lock-mode-off&#8221;]}}<\/p>\n","protected":false},"excerpt":{"rendered":"<p>{&#8220;main-title&#8221;:{&#8220;component&#8221;:&#8221;hc_title&#8221;,&#8221;id&#8221;:&#8221;main-title&#8221;,&#8221;title&#8221;:&#8221;&#8221;,&#8221;subtitle&#8221;:&#8221;Family Gabriel&#8221;,&#8221;title_content&#8221;:{&#8220;component&#8221;:&#8221;hc_title_slider&#8221;,&#8221;id&#8221;:&#8221;title-slider&#8221;,&#8221;slides&#8221;:[{&#8220;component&#8221;:&#8221;hc_upload_img&#8221;,&#8221;id&#8221;:&#8221;ttSWl&#8221;,&#8221;link&#8221;:&#8221;https:\/\/www.hotelgabriel.at\/wp-content\/uploads\/2023\/02\/Familie-Gabriel_Gastgeber_Slider-1024&#215;400.jpg|750|1920|990103217&#8243;}],&#8221;full_screen&#8221;:false,&#8221;full_screen_height&#8221;:&#8221;&#8221;,&#8221;interval&#8221;:&#8221;&#8221;,&#8221;breadcrumbs&#8221;:true,&#8221;light&#8221;:true,&#8221;alignment&#8221;:&#8221;&#8221;}},&#8221;section_5ZtkF&#8221;:{&#8220;component&#8221;:&#8221;hc_section&#8221;,&#8221;id&#8221;:&#8221;section_5ZtkF&#8221;,&#8221;section_width&#8221;:&#8221;&#8221;,&#8221;animation&#8221;:&#8221;&#8221;,&#8221;animation_time&#8221;:&#8221;&#8221;,&#8221;timeline_animation&#8221;:&#8221;&#8221;,&#8221;timeline_delay&#8221;:&#8221;&#8221;,&#8221;timeline_order&#8221;:&#8221;&#8221;,&#8221;vertical_row&#8221;:&#8221;&#8221;,&#8221;css_classes&#8221;:&#8221;&#8221;,&#8221;custom_css_classes&#8221;:&#8221;&#8221;,&#8221;custom_css_styles&#8221;:&#8221;&#8221;,&#8221;section_content&#8221;:[{&#8220;component&#8221;:&#8221;hc_column&#8221;,&#8221;id&#8221;:&#8221;column_BZcF6&#8243;,&#8221;column_width&#8221;:&#8221;col-md-4&#8243;,&#8221;animation&#8221;:&#8221;&#8221;,&#8221;animation_time&#8221;:&#8221;&#8221;,&#8221;timeline_animation&#8221;:&#8221;&#8221;,&#8221;timeline_delay&#8221;:&#8221;&#8221;,&#8221;timeline_order&#8221;:&#8221;&#8221;,&#8221;css_classes&#8221;:&#8221;&#8221;,&#8221;custom_css_classes&#8221;:&#8221;&#8221;,&#8221;custom_css_styles&#8221;:&#8221;&#8221;,&#8221;main_content&#8221;:[{&#8220;component&#8221;:&#8221;hc_text_block&#8221;,&#8221;id&#8221;:&#8221;cmrOC&#8221;,&#8221;css_classes&#8221;:&#8221;&#8221;,&#8221;custom_css_classes&#8221;:&#8221;&#8221;,&#8221;custom_css_styles&#8221;:&#8221;&#8221;,&#8221;content&#8221;:&#8221;Hospitality &#8211; Pleasure &#8211; Experience\\n\\nWe, the Gabriel family and our staff, are very much looking forward to providing you with a carefree, stylish holiday in a family atmosphere.&#8221;}]},{&#8220;component&#8221;:&#8221;hc_column&#8221;,&#8221;id&#8221;:&#8221;column_HSROn&#8221;,&#8221;column_width&#8221;:&#8221;col-md-4&#8243;,&#8221;animation&#8221;:&#8221;&#8221;,&#8221;animation_time&#8221;:&#8221;&#8221;,&#8221;timeline_animation&#8221;:&#8221;&#8221;,&#8221;timeline_delay&#8221;:&#8221;&#8221;,&#8221;timeline_order&#8221;:&#8221;&#8221;,&#8221;css_classes&#8221;:&#8221;no-margin-md &#8220;,&#8221;custom_css_classes&#8221;:&#8221;&#8221;,&#8221;custom_css_styles&#8221;:&#8221;&#8221;,&#8221;main_content&#8221;:[{&#8220;component&#8221;:&#8221;hc_text_block&#8221;,&#8221;id&#8221;:&#8221;j8wEV&#8221;,&#8221;css_classes&#8221;:&#8221;&#8221;,&#8221;custom_css_classes&#8221;:&#8221;&#8221;,&#8221;custom_css_styles&#8221;:&#8221;&#8221;,&#8221;content&#8221;:&#8221;This is the motto for your holiday at the Hotel Gabriel on Lake Keutschach. Wir freuen uns bereits darauf, Sie bald bei uns begr\u00fc\u00dfen zu d\u00fcrfen! [&hellip;]<\/p>\n","protected":false},"author":1,"featured_media":0,"parent":0,"menu_order":0,"comment_status":"closed","ping_status":"closed","template":"","meta":{"footnotes":""},"class_list":["post-990103307","page","type-page","status-publish","hentry"],"_links":{"self":[{"href":"https:\/\/www.hotelgabriel.at\/en\/wp-json\/wp\/v2\/pages\/990103307","targetHints":{"allow":["GET"]}}],"collection":[{"href":"https:\/\/www.hotelgabriel.at\/en\/wp-json\/wp\/v2\/pages"}],"about":[{"href":"https:\/\/www.hotelgabriel.at\/en\/wp-json\/wp\/v2\/types\/page"}],"author":[{"embeddable":true,"href":"https:\/\/www.hotelgabriel.at\/en\/wp-json\/wp\/v2\/users\/1"}],"replies":[{"embeddable":true,"href":"https:\/\/www.hotelgabriel.at\/en\/wp-json\/wp\/v2\/comments?post=990103307"}],"version-history":[{"count":4,"href":"https:\/\/www.hotelgabriel.at\/en\/wp-json\/wp\/v2\/pages\/990103307\/revisions"}],"predecessor-version":[{"id":990103357,"href":"https:\/\/www.hotelgabriel.at\/en\/wp-json\/wp\/v2\/pages\/990103307\/revisions\/990103357"}],"wp:attachment":[{"href":"https:\/\/www.hotelgabriel.at\/en\/wp-json\/wp\/v2\/media?parent=990103307"}],"curies":[{"name":"wp","href":"https:\/\/api.w.org\/{rel}","templated":true}]}}